{"id":1155,"date":"2025-05-11T13:37:55","date_gmt":"2025-05-11T13:37:55","guid":{"rendered":"https:\/\/www.rdtooling.nl\/German\/?page_id=1155"},"modified":"2025-07-03T21:45:26","modified_gmt":"2025-07-03T21:45:26","slug":"privacy-cookieverklaring","status":"publish","type":"page","link":"https:\/\/www.rdtooling.nl\/German\/privacy-cookieverklaring\/","title":{"rendered":"Datenschutz- und Cookie-Erkl\u00e4rung"},"content":{"rendered":"\t\t<div data-elementor-type=\"wp-post\" data-elementor-id=\"1155\" class=\"elementor elementor-1155\">\n\t\t\t\t\t\t<section class=\"elementor-section elementor-top-section elementor-element elementor-element-9d94610 elementor-reverse-mobile elementor-section-boxed elementor-section-height-default elementor-section-height-default\" data-id=\"9d94610\" data-element_type=\"section\" data-e-type=\"section\" data-settings=\"{&quot;jet_parallax_layout_list&quot;:[{&quot;jet_parallax_layout_image&quot;:{&quot;url&quot;:&quot;&quot;,&quot;id&quot;:&quot;&quot;,&quot;size&quot;:&quot;&quot;},&quot;_id&quot;:&quot;d4d5503&quot;,&quot;jet_parallax_layout_image_tablet&quot;:{&quot;url&quot;:&quot;&quot;,&quot;id&quot;:&quot;&quot;,&quot;size&quot;:&quot;&quot;},&quot;jet_parallax_layout_image_mobile&quot;:{&quot;url&quot;:&quot;&quot;,&quot;id&quot;:&quot;&quot;,&quot;size&quot;:&quot;&quot;},&quot;jet_parallax_layout_speed&quot;:{&quot;unit&quot;:&quot;%&quot;,&quot;size&quot;:50,&quot;sizes&quot;:[]},&quot;jet_parallax_layout_type&quot;:&quot;scroll&quot;,&quot;jet_parallax_layout_direction&quot;:&quot;1&quot;,&quot;jet_parallax_layout_fx_direction&quot;:null,&quot;jet_parallax_layout_z_index&quot;:&quot;&quot;,&quot;jet_parallax_layout_bg_x&quot;:50,&quot;jet_parallax_layout_bg_x_tablet&quot;:&quot;&quot;,&quot;jet_parallax_layout_bg_x_mobile&quot;:&quot;&quot;,&quot;jet_parallax_layout_bg_y&quot;:50,&quot;jet_parallax_layout_bg_y_tablet&quot;:&quot;&quot;,&quot;jet_parallax_layout_bg_y_mobile&quot;:&quot;&quot;,&quot;jet_parallax_layout_bg_size&quot;:&quot;auto&quot;,&quot;jet_parallax_layout_bg_size_tablet&quot;:&quot;&quot;,&quot;jet_parallax_layout_bg_size_mobile&quot;:&quot;&quot;,&quot;jet_parallax_layout_animation_prop&quot;:&quot;transform&quot;,&quot;jet_parallax_layout_on&quot;:[&quot;desktop&quot;,&quot;tablet&quot;]}],&quot;background_background&quot;:&quot;classic&quot;}\">\n\t\t\t\t\t\t<div class=\"elementor-container elementor-column-gap-default\">\n\t\t\t\t\t<div class=\"elementor-column elementor-col-100 elementor-top-column elementor-element elementor-element-bc8ebed\" data-id=\"bc8ebed\" data-element_type=\"column\" data-e-type=\"column\">\n\t\t\t<div class=\"elementor-widget-wrap elementor-element-populated\">\n\t\t\t\t\t\t<div class=\"elementor-element elementor-element-b142b1d elementor-widget elementor-widget-text-editor\" data-id=\"b142b1d\" data-element_type=\"widget\" data-e-type=\"widget\" data-widget_type=\"text-editor.default\">\n\t\t\t\t<div class=\"elementor-widget-container\">\n\t\t\t\t\t\t\t\t\t<p>Datenschutz und Datenverarbeitung gem\u00e4\u00df DSGVO<\/p>\t\t\t\t\t\t\t\t<\/div>\n\t\t\t\t<\/div>\n\t\t\t\t<div class=\"elementor-element elementor-element-8da96d0 elementor-widget elementor-widget-heading\" data-id=\"8da96d0\" data-element_type=\"widget\" data-e-type=\"widget\" data-widget_type=\"heading.default\">\n\t\t\t\t<div class=\"elementor-widget-container\">\n\t\t\t\t\t<h2 class=\"elementor-heading-title elementor-size-default\">Datenschutz- und Cookie-Richtlinie von RD Tooling B.V.<\/h2>\t\t\t\t<\/div>\n\t\t\t\t<\/div>\n\t\t\t\t<div class=\"elementor-element elementor-element-89f6b96 elementor-widget elementor-widget-text-editor\" data-id=\"89f6b96\" data-element_type=\"widget\" data-e-type=\"widget\" data-widget_type=\"text-editor.default\">\n\t\t\t\t<div class=\"elementor-widget-container\">\n\t\t\t\t\t\t\t\t\t<p data-start=\"153\" data-end=\"248\"><em><strong>Zuletzt aktualisiert: 11. Mai 2025<\/strong><\/em><\/p><p data-start=\"250\" data-end=\"487\">RD Tooling B.V. legt gro\u00dfen Wert auf den Schutz Ihrer personenbezogenen Daten und Ihre Online-Privatsph\u00e4re. In dieser Richtlinie erkl\u00e4ren wir, wie wir mit personenbezogenen Daten umgehen und wie wir Cookies auf unserer Website verwenden.<\/p><p data-start=\"489\" data-end=\"699\"><strong data-start=\"489\" data-end=\"531\">1. Verarbeitete personenbezogene Daten<\/strong><br data-start=\"531\" data-end=\"534\" \/>Wir verarbeiten ausschlie\u00dflich personenbezogene Daten, die Sie uns selbst zur Verf\u00fcgung stellen, zum Beispiel \u00fcber ein Kontaktformular oder per E-Mail. Dies umfasst:<\/p><ul data-start=\"701\" data-end=\"762\"><li data-start=\"701\" data-end=\"709\"><p data-start=\"703\" data-end=\"709\">Name<\/p><\/li><li data-start=\"710\" data-end=\"728\"><p data-start=\"712\" data-end=\"728\">E-Mail-Adresse<\/p><\/li><li data-start=\"729\" data-end=\"746\"><p data-start=\"731\" data-end=\"746\">Telefonnummer<\/p><\/li><li data-start=\"747\" data-end=\"762\"><p data-start=\"749\" data-end=\"762\">Firmendaten<\/p><\/li><\/ul><p data-start=\"764\" data-end=\"881\">Diese Daten verwenden wir ausschlie\u00dflich, um mit Ihnen Kontakt aufzunehmen oder unsere Dienstleistungen zu erbringen.<\/p><p data-start=\"883\" data-end=\"1045\"><strong data-start=\"883\" data-end=\"912\">2. Verwendung von Cookies<\/strong><br data-start=\"912\" data-end=\"915\" \/>Unsere Website verwendet Cookies. Cookies sind kleine Textdateien, die bei Ihrem ersten Besuch auf Ihrem Ger\u00e4t gespeichert werden.<\/p><p data-start=\"1047\" data-end=\"1071\"><strong data-start=\"1047\" data-end=\"1069\">Arten von Cookies:<\/strong><\/p><ul data-start=\"1072\" data-end=\"1428\"><li data-start=\"1072\" data-end=\"1157\"><p data-start=\"1074\" data-end=\"1157\">Funktionale Cookies \u2013 notwendig f\u00fcr das ordnungsgem\u00e4\u00dfe Funktionieren der Website.<\/p><\/li><li data-start=\"1158\" data-end=\"1259\"><p data-start=\"1160\" data-end=\"1259\">Analytische Cookies \u2013 geben uns Einblick in die Nutzung der Website (z.B. \u00fcber Google Analytics).<\/p><\/li><li data-start=\"1260\" data-end=\"1428\"><p data-start=\"1262\" data-end=\"1428\">Tracking-Cookies \u2013 werden nur gesetzt, wenn Sie Ihre Zustimmung geben. Damit k\u00f6nnen wir Ihr Surfverhalten verfolgen und Inhalte besser auf Ihre Pr\u00e4ferenzen abstimmen.<\/p><\/li><\/ul><p data-start=\"1430\" data-end=\"1637\">Bei Ihrem ersten Besuch bitten wir um Ihre Zustimmung f\u00fcr das Setzen nicht notwendiger Cookies. Diese Zustimmung k\u00f6nnen Sie jederzeit \u00fcber die Cookie-Einstellungen auf unserer Website \u00e4ndern oder widerrufen.<\/p><p data-start=\"1639\" data-end=\"1835\"><strong data-start=\"1639\" data-end=\"1664\">3. Aufbewahrungsdauer<\/strong><br data-start=\"1664\" data-end=\"1667\" \/>Wir speichern Ihre Daten nicht l\u00e4nger als notwendig f\u00fcr die Zwecke, f\u00fcr die sie erhoben wurden, es sei denn, wir sind gesetzlich verpflichtet, sie l\u00e4nger aufzubewahren.<\/p><p data-start=\"1837\" data-end=\"2051\"><strong data-start=\"1837\" data-end=\"1864\">4. Weitergabe von Daten<\/strong><br data-start=\"1864\" data-end=\"1867\" \/>RD Tooling B.V. gibt Ihre personenbezogenen Daten nur an Dritte weiter, wenn dies f\u00fcr die Erf\u00fcllung eines Vertrags oder zur Erf\u00fcllung einer gesetzlichen Verpflichtung erforderlich ist.<\/p><p data-start=\"2053\" data-end=\"2234\"><strong data-start=\"2053\" data-end=\"2070\">5. Sicherheit<\/strong><br data-start=\"2070\" data-end=\"2073\" \/>Wir ergreifen angemessene technische und organisatorische Ma\u00dfnahmen, um Ihre personenbezogenen Daten vor Verlust, Missbrauch oder unbefugtem Zugriff zu sch\u00fctzen.<\/p><p data-start=\"2236\" data-end=\"2425\"><strong data-start=\"2236\" data-end=\"2263\">6. Kontaktinformationen<\/strong><br data-start=\"2263\" data-end=\"2266\" \/>RD Tooling B.V.<br data-start=\"2281\" data-end=\"2284\" \/>Adresse: Dorpsstraat 8<br data-start=\"2306\" data-end=\"2309\" \/>5835 AH Beugen<br data-start=\"2323\" data-end=\"2326\" \/>Niederlande<br data-start=\"2337\" data-end=\"2340\" \/>Telefon: +31 485 361396<br data-start=\"2363\" data-end=\"2366\" \/>E-Mail: <a class=\"cursor-pointer\" rel=\"noopener\" data-start=\"2374\" data-end=\"2391\">info@rdtooling.nl<\/a><br data-start=\"2391\" data-end=\"2394\" \/>Handelsregisternummer: 96508914<\/p>\t\t\t\t\t\t\t\t<\/div>\n\t\t\t\t<\/div>\n\t\t\t\t\t<\/div>\n\t\t<\/div>\n\t\t\t\t\t<\/div>\n\t\t<\/section>\n\t\t\t\t<section class=\"elementor-section elementor-top-section elementor-element elementor-element-1f98a74 elementor-section-boxed elementor-section-height-default elementor-section-height-default\" data-id=\"1f98a74\" data-element_type=\"section\" data-e-type=\"section\" data-settings=\"{&quot;jet_parallax_layout_list&quot;:[{&quot;jet_parallax_layout_image&quot;:{&quot;url&quot;:&quot;&quot;,&quot;id&quot;:&quot;&quot;,&quot;size&quot;:&quot;&quot;},&quot;_id&quot;:&quot;14eb7aa&quot;,&quot;jet_parallax_layout_image_tablet&quot;:{&quot;url&quot;:&quot;&quot;,&quot;id&quot;:&quot;&quot;,&quot;size&quot;:&quot;&quot;},&quot;jet_parallax_layout_image_mobile&quot;:{&quot;url&quot;:&quot;&quot;,&quot;id&quot;:&quot;&quot;,&quot;size&quot;:&quot;&quot;},&quot;jet_parallax_layout_speed&quot;:{&quot;unit&quot;:&quot;%&quot;,&quot;size&quot;:50,&quot;sizes&quot;:[]},&quot;jet_parallax_layout_type&quot;:&quot;scroll&quot;,&quot;jet_parallax_layout_direction&quot;:&quot;1&quot;,&quot;jet_parallax_layout_fx_direction&quot;:null,&quot;jet_parallax_layout_z_index&quot;:&quot;&quot;,&quot;jet_parallax_layout_bg_x&quot;:50,&quot;jet_parallax_layout_bg_x_tablet&quot;:&quot;&quot;,&quot;jet_parallax_layout_bg_x_mobile&quot;:&quot;&quot;,&quot;jet_parallax_layout_bg_y&quot;:50,&quot;jet_parallax_layout_bg_y_tablet&quot;:&quot;&quot;,&quot;jet_parallax_layout_bg_y_mobile&quot;:&quot;&quot;,&quot;jet_parallax_layout_bg_size&quot;:&quot;auto&quot;,&quot;jet_parallax_layout_bg_size_tablet&quot;:&quot;&quot;,&quot;jet_parallax_layout_bg_size_mobile&quot;:&quot;&quot;,&quot;jet_parallax_layout_animation_prop&quot;:&quot;transform&quot;,&quot;jet_parallax_layout_on&quot;:[&quot;desktop&quot;,&quot;tablet&quot;]}],&quot;background_background&quot;:&quot;classic&quot;}\">\n\t\t\t\t\t\t\t<div class=\"elementor-background-overlay\"><\/div>\n\t\t\t\t\t\t\t<div class=\"elementor-container elementor-column-gap-default\">\n\t\t\t\t\t<div class=\"elementor-column elementor-col-50 elementor-top-column elementor-element elementor-element-395e818\" data-id=\"395e818\" data-element_type=\"column\" data-e-type=\"column\">\n\t\t\t<div class=\"elementor-widget-wrap elementor-element-populated\">\n\t\t\t\t\t\t<div class=\"elementor-element elementor-element-430628c elementor-widget elementor-widget-heading\" data-id=\"430628c\" data-element_type=\"widget\" data-e-type=\"widget\" data-widget_type=\"heading.default\">\n\t\t\t\t<div class=\"elementor-widget-container\">\n\t\t\t\t\t<h2 class=\"elementor-heading-title elementor-size-default\">Nieuwsbrief<\/h2>\t\t\t\t<\/div>\n\t\t\t\t<\/div>\n\t\t\t\t<div class=\"elementor-element elementor-element-24a226b elementor-widget elementor-widget-text-editor\" data-id=\"24a226b\" data-element_type=\"widget\" data-e-type=\"widget\" data-widget_type=\"text-editor.default\">\n\t\t\t\t<div class=\"elementor-widget-container\">\n\t\t\t\t\t\t\t\t\t<p>Abonneer u op onze nieuwsbrieven, speciale aanbiedingen, enz.<\/p>\t\t\t\t\t\t\t\t<\/div>\n\t\t\t\t<\/div>\n\t\t\t\t\t<\/div>\n\t\t<\/div>\n\t\t\t\t<div class=\"elementor-column elementor-col-50 elementor-top-column elementor-element elementor-element-a7dffd8\" data-id=\"a7dffd8\" data-element_type=\"column\" data-e-type=\"column\">\n\t\t\t<div class=\"elementor-widget-wrap elementor-element-populated\">\n\t\t\t\t\t\t<div class=\"elementor-element elementor-element-3f83fd7 elementor-widget elementor-widget-jet-subscribe-form\" data-id=\"3f83fd7\" data-element_type=\"widget\" data-e-type=\"widget\" data-widget_type=\"jet-subscribe-form.default\">\n\t\t\t\t<div class=\"elementor-widget-container\">\n\t\t\t\t\t<div class=\"elementor-jet-subscribe-form jet-elements\"><div class=\"jet-subscribe-form jet-subscribe-form--inline-layout\" data-settings=\"{&quot;redirect&quot;:false,&quot;redirect_url&quot;:&quot;#&quot;,&quot;use_target_list_id&quot;:false,&quot;target_list_id&quot;:&quot;&quot;}\">\n\t<form method=\"POST\" action=\"#\" class=\"jet-subscribe-form__form\">\n\t\t<div class=\"jet-subscribe-form__input-group\">\n\t\t\t<div class=\"jet-subscribe-form__fields\">\n\t\t\t\t<input class=\"jet-subscribe-form__input jet-subscribe-form__mail-field\" type=\"email\" name=\"email\" placeholder=\"Uw email\" data-instance-data=\"[]\"><\/div>\n\t\t\t<a class=\"jet-subscribe-form__submit elementor-button elementor-size-md\" href=\"#\"><span class=\"jet-subscribe-form__submit-text\">Aanmelden<\/span><\/a>\t\t<\/div>\n\t\t<div class=\"jet-subscribe-form__message\"><div class=\"jet-subscribe-form__message-inner\"><span><\/span><\/div><\/div>\n\t<\/form>\n<\/div>\n<\/div>\t\t\t\t<\/div>\n\t\t\t\t<\/div>\n\t\t\t\t\t<\/div>\n\t\t<\/div>\n\t\t\t\t\t<\/div>\n\t\t<\/section>\n\t\t\t\t<\/div>\n\t\t","protected":false},"excerpt":{"rendered":"<p>Datenschutz und Datenverarbeitung gem\u00e4\u00df DSGVO Datenschutz- und Cookie-Richtlinie von RD Tooling B.V. Zuletzt aktualisiert: 11. Mai 2025 RD Tooling B.V. legt gro\u00dfen Wert auf den Schutz Ihrer personenbezogenen Daten und Ihre Online-Privatsph\u00e4re. In dieser Richtlinie erkl\u00e4ren wir, wie wir mit personenbezogenen Daten umgehen und wie wir Cookies auf unserer Website verwenden. 1. Verarbeitete personenbezogene DatenWir [&hellip;]<\/p>\n","protected":false},"author":1,"featured_media":0,"parent":0,"menu_order":0,"comment_status":"closed","ping_status":"closed","template":"elementor_header_footer","meta":{"footnotes":""},"class_list":["post-1155","page","type-page","status-publish","hentry"],"_links":{"self":[{"href":"https:\/\/www.rdtooling.nl\/German\/wp-json\/wp\/v2\/pages\/1155","targetHints":{"allow":["GET"]}}],"collection":[{"href":"https:\/\/www.rdtooling.nl\/German\/wp-json\/wp\/v2\/pages"}],"about":[{"href":"https:\/\/www.rdtooling.nl\/German\/wp-json\/wp\/v2\/types\/page"}],"author":[{"embeddable":true,"href":"https:\/\/www.rdtooling.nl\/German\/wp-json\/wp\/v2\/users\/1"}],"replies":[{"embeddable":true,"href":"https:\/\/www.rdtooling.nl\/German\/wp-json\/wp\/v2\/comments?post=1155"}],"version-history":[{"count":0,"href":"https:\/\/www.rdtooling.nl\/German\/wp-json\/wp\/v2\/pages\/1155\/revisions"}],"wp:attachment":[{"href":"https:\/\/www.rdtooling.nl\/German\/wp-json\/wp\/v2\/media?parent=1155"}],"curies":[{"name":"wp","href":"https:\/\/api.w.org\/{rel}","templated":true}]}}