{"id":1075,"date":"2025-05-11T12:24:11","date_gmt":"2025-05-11T12:24:11","guid":{"rendered":"https:\/\/www.rdtooling.nl\/German\/?page_id=1075"},"modified":"2025-07-03T21:47:35","modified_gmt":"2025-07-03T21:47:35","slug":"diensten","status":"publish","type":"page","link":"https:\/\/www.rdtooling.nl\/German\/diensten\/","title":{"rendered":"Dienstleistungen"},"content":{"rendered":"\t\t<div data-elementor-type=\"wp-post\" data-elementor-id=\"1075\" class=\"elementor elementor-1075\">\n\t\t\t\t\t\t<section class=\"elementor-section elementor-top-section elementor-element elementor-element-cafe6d5 elementor-section-boxed elementor-section-height-default elementor-section-height-default\" data-id=\"cafe6d5\" data-element_type=\"section\" data-e-type=\"section\" data-settings=\"{&quot;jet_parallax_layout_list&quot;:[{&quot;jet_parallax_layout_image&quot;:{&quot;url&quot;:&quot;&quot;,&quot;id&quot;:&quot;&quot;,&quot;size&quot;:&quot;&quot;},&quot;_id&quot;:&quot;4123c63&quot;,&quot;jet_parallax_layout_image_tablet&quot;:{&quot;url&quot;:&quot;&quot;,&quot;id&quot;:&quot;&quot;,&quot;size&quot;:&quot;&quot;},&quot;jet_parallax_layout_image_mobile&quot;:{&quot;url&quot;:&quot;&quot;,&quot;id&quot;:&quot;&quot;,&quot;size&quot;:&quot;&quot;},&quot;jet_parallax_layout_speed&quot;:{&quot;unit&quot;:&quot;%&quot;,&quot;size&quot;:50,&quot;sizes&quot;:[]},&quot;jet_parallax_layout_type&quot;:&quot;scroll&quot;,&quot;jet_parallax_layout_direction&quot;:&quot;1&quot;,&quot;jet_parallax_layout_fx_direction&quot;:null,&quot;jet_parallax_layout_z_index&quot;:&quot;&quot;,&quot;jet_parallax_layout_bg_x&quot;:50,&quot;jet_parallax_layout_bg_x_tablet&quot;:&quot;&quot;,&quot;jet_parallax_layout_bg_x_mobile&quot;:&quot;&quot;,&quot;jet_parallax_layout_bg_y&quot;:50,&quot;jet_parallax_layout_bg_y_tablet&quot;:&quot;&quot;,&quot;jet_parallax_layout_bg_y_mobile&quot;:&quot;&quot;,&quot;jet_parallax_layout_bg_size&quot;:&quot;auto&quot;,&quot;jet_parallax_layout_bg_size_tablet&quot;:&quot;&quot;,&quot;jet_parallax_layout_bg_size_mobile&quot;:&quot;&quot;,&quot;jet_parallax_layout_animation_prop&quot;:&quot;transform&quot;,&quot;jet_parallax_layout_on&quot;:[&quot;desktop&quot;,&quot;tablet&quot;]}],&quot;background_background&quot;:&quot;classic&quot;}\">\n\t\t\t\t\t\t\t<div class=\"elementor-background-overlay\"><\/div>\n\t\t\t\t\t\t\t<div class=\"elementor-container elementor-column-gap-default\">\n\t\t\t\t\t<div class=\"elementor-column elementor-col-50 elementor-top-column elementor-element elementor-element-f25f417\" data-id=\"f25f417\" data-element_type=\"column\" data-e-type=\"column\">\n\t\t\t<div class=\"elementor-widget-wrap elementor-element-populated\">\n\t\t\t\t\t\t<div class=\"elementor-element elementor-element-592b1b5 elementor-widget elementor-widget-heading\" data-id=\"592b1b5\" data-element_type=\"widget\" data-e-type=\"widget\" data-widget_type=\"heading.default\">\n\t\t\t\t<div class=\"elementor-widget-container\">\n\t\t\t\t\t<h2 class=\"elementor-heading-title elementor-size-default\">Dienstleistungen<\/h2>\t\t\t\t<\/div>\n\t\t\t\t<\/div>\n\t\t\t\t<div class=\"elementor-element elementor-element-d5d898e elementor-widget elementor-widget-text-editor\" data-id=\"d5d898e\" data-element_type=\"widget\" data-e-type=\"widget\" data-widget_type=\"text-editor.default\">\n\t\t\t\t<div class=\"elementor-widget-container\">\n\t\t\t\t\t\t\t\t\t<p>Durch unsere Engineering-Expertise schaffen wir stets die beste technische L\u00f6sung, mit Fokus auf Optimierung und Kostenersparnis.<\/p>\t\t\t\t\t\t\t\t<\/div>\n\t\t\t\t<\/div>\n\t\t\t\t\t<\/div>\n\t\t<\/div>\n\t\t\t\t<div class=\"elementor-column elementor-col-50 elementor-top-column elementor-element elementor-element-93bca7d\" data-id=\"93bca7d\" data-element_type=\"column\" data-e-type=\"column\">\n\t\t\t<div class=\"elementor-widget-wrap\">\n\t\t\t\t\t\t\t<\/div>\n\t\t<\/div>\n\t\t\t\t\t<\/div>\n\t\t<\/section>\n\t\t\t\t<section class=\"elementor-section elementor-top-section elementor-element elementor-element-9d94610 elementor-reverse-mobile elementor-section-boxed elementor-section-height-default elementor-section-height-default\" data-id=\"9d94610\" data-element_type=\"section\" data-e-type=\"section\" data-settings=\"{&quot;jet_parallax_layout_list&quot;:[{&quot;jet_parallax_layout_image&quot;:{&quot;url&quot;:&quot;&quot;,&quot;id&quot;:&quot;&quot;,&quot;size&quot;:&quot;&quot;},&quot;_id&quot;:&quot;d4d5503&quot;,&quot;jet_parallax_layout_image_tablet&quot;:{&quot;url&quot;:&quot;&quot;,&quot;id&quot;:&quot;&quot;,&quot;size&quot;:&quot;&quot;},&quot;jet_parallax_layout_image_mobile&quot;:{&quot;url&quot;:&quot;&quot;,&quot;id&quot;:&quot;&quot;,&quot;size&quot;:&quot;&quot;},&quot;jet_parallax_layout_speed&quot;:{&quot;unit&quot;:&quot;%&quot;,&quot;size&quot;:50,&quot;sizes&quot;:[]},&quot;jet_parallax_layout_type&quot;:&quot;scroll&quot;,&quot;jet_parallax_layout_direction&quot;:&quot;1&quot;,&quot;jet_parallax_layout_fx_direction&quot;:null,&quot;jet_parallax_layout_z_index&quot;:&quot;&quot;,&quot;jet_parallax_layout_bg_x&quot;:50,&quot;jet_parallax_layout_bg_x_tablet&quot;:&quot;&quot;,&quot;jet_parallax_layout_bg_x_mobile&quot;:&quot;&quot;,&quot;jet_parallax_layout_bg_y&quot;:50,&quot;jet_parallax_layout_bg_y_tablet&quot;:&quot;&quot;,&quot;jet_parallax_layout_bg_y_mobile&quot;:&quot;&quot;,&quot;jet_parallax_layout_bg_size&quot;:&quot;auto&quot;,&quot;jet_parallax_layout_bg_size_tablet&quot;:&quot;&quot;,&quot;jet_parallax_layout_bg_size_mobile&quot;:&quot;&quot;,&quot;jet_parallax_layout_animation_prop&quot;:&quot;transform&quot;,&quot;jet_parallax_layout_on&quot;:[&quot;desktop&quot;,&quot;tablet&quot;]}],&quot;background_background&quot;:&quot;classic&quot;}\">\n\t\t\t\t\t\t<div class=\"elementor-container elementor-column-gap-default\">\n\t\t\t\t\t<div class=\"elementor-column elementor-col-50 elementor-top-column elementor-element elementor-element-bc8ebed\" data-id=\"bc8ebed\" data-element_type=\"column\" data-e-type=\"column\">\n\t\t\t<div class=\"elementor-widget-wrap elementor-element-populated\">\n\t\t\t\t\t\t<div class=\"elementor-element elementor-element-b142b1d elementor-widget elementor-widget-text-editor\" data-id=\"b142b1d\" data-element_type=\"widget\" data-e-type=\"widget\" data-widget_type=\"text-editor.default\">\n\t\t\t\t<div class=\"elementor-widget-container\">\n\t\t\t\t\t\t\t\t\t<p>Mehr als nur die Einhaltung von Spezifikationen<\/p>\t\t\t\t\t\t\t\t<\/div>\n\t\t\t\t<\/div>\n\t\t\t\t<div class=\"elementor-element elementor-element-8da96d0 elementor-widget elementor-widget-heading\" data-id=\"8da96d0\" data-element_type=\"widget\" data-e-type=\"widget\" data-widget_type=\"heading.default\">\n\t\t\t\t<div class=\"elementor-widget-container\">\n\t\t\t\t\t<h2 class=\"elementor-heading-title elementor-size-default\">Von Kundenspezifikationen zu innovativen L\u00f6sungen<\/h2>\t\t\t\t<\/div>\n\t\t\t\t<\/div>\n\t\t\t\t<div class=\"elementor-element elementor-element-89f6b96 elementor-widget elementor-widget-text-editor\" data-id=\"89f6b96\" data-element_type=\"widget\" data-e-type=\"widget\" data-widget_type=\"text-editor.default\">\n\t\t\t\t<div class=\"elementor-widget-container\">\n\t\t\t\t\t\t\t\t\t<p data-start=\"316\" data-end=\"549\">Die Auftr\u00e4ge beginnen immer mit der effizienten Umsetzung der Kundenanforderungen in realisierbare M\u00f6glichkeiten, unter Ber\u00fccksichtigung des Budgets des Kunden. Es ist unsere Herausforderung, die Kundenspezifikationen zu \u00fcbertreffen.<\/p><p data-start=\"551\" data-end=\"700\">Wir besprechen mit Ihnen M\u00f6glichkeiten, an die Sie als Kunde vielleicht noch nicht gedacht haben, mit denen Sie jedoch gro\u00dfen Nutzen erzielen k\u00f6nnen.<\/p><p data-start=\"702\" data-end=\"809\">Alle Angebote, Vertr\u00e4ge und Lieferungen erfolgen unter den Allgemeinen Gesch\u00e4ftsbedingungen der Metaalunie.<\/p>\t\t\t\t\t\t\t\t<\/div>\n\t\t\t\t<\/div>\n\t\t\t\t\t<\/div>\n\t\t<\/div>\n\t\t\t\t<div class=\"elementor-column elementor-col-50 elementor-top-column elementor-element elementor-element-3421b74 elementor-hidden-mobile\" data-id=\"3421b74\" data-element_type=\"column\" data-e-type=\"column\">\n\t\t\t<div class=\"elementor-widget-wrap elementor-element-populated\">\n\t\t\t\t\t\t<div class=\"elementor-element elementor-element-e76cb09 elementor-widget elementor-widget-image\" data-id=\"e76cb09\" data-element_type=\"widget\" data-e-type=\"widget\" data-widget_type=\"image.default\">\n\t\t\t\t<div class=\"elementor-widget-container\">\n\t\t\t\t\t\t\t\t\t\t\t\t\t\t\t<img fetchpriority=\"high\" decoding=\"async\" width=\"1987\" height=\"2560\" src=\"https:\/\/www.rdtooling.nl\/German\/wp-content\/uploads\/2025\/05\/5-scaled.jpg\" class=\"attachment-full size-full wp-image-863\" alt=\"\" srcset=\"https:\/\/www.rdtooling.nl\/German\/wp-content\/uploads\/2025\/05\/5-scaled.jpg 1987w, https:\/\/www.rdtooling.nl\/German\/wp-content\/uploads\/2025\/05\/5-scaled-600x773.jpg 600w, https:\/\/www.rdtooling.nl\/German\/wp-content\/uploads\/2025\/05\/5-233x300.jpg 233w, https:\/\/www.rdtooling.nl\/German\/wp-content\/uploads\/2025\/05\/5-795x1024.jpg 795w, https:\/\/www.rdtooling.nl\/German\/wp-content\/uploads\/2025\/05\/5-768x990.jpg 768w, https:\/\/www.rdtooling.nl\/German\/wp-content\/uploads\/2025\/05\/5-1192x1536.jpg 1192w, https:\/\/www.rdtooling.nl\/German\/wp-content\/uploads\/2025\/05\/5-1589x2048.jpg 1589w, https:\/\/www.rdtooling.nl\/German\/wp-content\/uploads\/2025\/05\/5-651x839.jpg 651w\" sizes=\"(max-width: 1987px) 100vw, 1987px\" \/>\t\t\t\t\t\t\t\t\t\t\t\t\t\t\t<\/div>\n\t\t\t\t<\/div>\n\t\t\t\t\t<\/div>\n\t\t<\/div>\n\t\t\t\t\t<\/div>\n\t\t<\/section>\n\t\t<div class=\"elementor-element elementor-element-66c0b58 e-flex e-con-boxed e-con e-parent\" data-id=\"66c0b58\" data-element_type=\"container\" data-e-type=\"container\" data-settings=\"{&quot;jet_parallax_layout_list&quot;:[]}\">\n\t\t\t\t\t<div class=\"e-con-inner\">\n\t\t\t\t<div class=\"elementor-element elementor-element-d554799 elementor-widget elementor-widget-jet-tabs\" data-id=\"d554799\" data-element_type=\"widget\" data-e-type=\"widget\" data-settings=\"{&quot;tabs_position&quot;:&quot;top&quot;,&quot;no_active_tabs&quot;:&quot;false&quot;}\" data-widget_type=\"jet-tabs.default\">\n\t\t\t\t<div class=\"elementor-widget-container\">\n\t\t\t\t\t\n\t\t<div class=\"jet-tabs jet-tabs-position-top jet-tabs-move-up-effect  \" data-settings=\"{&quot;activeIndex&quot;:0,&quot;event&quot;:&quot;click&quot;,&quot;autoSwitch&quot;:true,&quot;autoSwitchDelay&quot;:10000,&quot;ajaxTemplate&quot;:false,&quot;tabsPosition&quot;:&quot;top&quot;,&quot;switchScrolling&quot;:false,&quot;switchScrollingOffset&quot;:0}\">\n\t\t\t\t\t\t<div class=\"jet-tabs__control-wrapper\" role=\"tablist\">\n\n                                    <div id=\"jet-tabs-control-2231\" class=\"jet-tabs__control jet-tabs__control-icon-left elementor-menu-anchor active-tab \" data-tab=\"1\" tabindex=\"0\" role=\"tab\" aria-controls=\"jet-tabs-content-2231\" aria-expanded=\"true\" data-template-id=\"false\"><div class=\"jet-tabs__control-inner\"><div class=\"jet-tabs__label-text\">Werkzeuge<\/div><\/div><\/div><div id=\"jet-tabs-control-2232\" class=\"jet-tabs__control jet-tabs__control-icon-left elementor-menu-anchor  \" data-tab=\"2\" tabindex=\"0\" role=\"tab\" aria-controls=\"jet-tabs-content-2232\" aria-expanded=\"false\" data-template-id=\"false\"><div class=\"jet-tabs__control-inner\"><div class=\"jet-tabs__label-text\">Wartung &amp; \u00dcberholung<\/div><\/div><\/div><div id=\"jet-tabs-control-2233\" class=\"jet-tabs__control jet-tabs__control-icon-left elementor-menu-anchor  \" data-tab=\"3\" tabindex=\"0\" role=\"tab\" aria-controls=\"jet-tabs-content-2233\" aria-expanded=\"false\" data-template-id=\"false\"><div class=\"jet-tabs__control-inner\"><div class=\"jet-tabs__label-text\">Prototypen, Einzelst\u00fccke und Kleinserien<\/div><\/div><\/div>\n                    \t\t\t    <\/div>\n\t\t\t<div class=\"jet-tabs__content-wrapper\">\n\t\t\t\t<div id=\"jet-tabs-content-2231\" class=\"jet-tabs__content active-content\" data-tab=\"1\" role=\"tabpanel\" aria-hidden=\"false\" data-template-id=\"false\"><p data-start=\"816\" data-end=\"829\"><strong data-start=\"816\" data-end=\"829\">Werkzeuge<\/strong><\/p><p data-start=\"831\" data-end=\"1139\">Die Werkzeugmacherei entwirft und produziert hochwertige Werkzeuge, haupts\u00e4chlich f\u00fcr die Elektronikbranche, die Medizintechnik, die Automatisierungsbranche und die Metall verarbeitende Industrie, hat aber in der Vergangenheit auch Werkzeuge f\u00fcr die Automobil-, Haushaltsger\u00e4te- und Bauindustrie hergestellt.<\/p><p data-start=\"1141\" data-end=\"1197\">Wir k\u00f6nnen Werkzeuge im folgenden Bereich produzieren:<\/p><ul data-start=\"1198\" data-end=\"1364\"><li data-start=\"1198\" data-end=\"1241\"><p data-start=\"1200\" data-end=\"1241\">Gesamtgewicht der Werkzeuge bis 1000 kg<\/p><\/li><li data-start=\"1242\" data-end=\"1285\"><p data-start=\"1244\" data-end=\"1285\">Presskraft der Werkzeuge bis 250 Tonnen<\/p><\/li><li data-start=\"1286\" data-end=\"1333\"><p data-start=\"1288\" data-end=\"1333\">Werkzeuge f\u00fcr Blechst\u00e4rken von 0,1 bis 5 mm<\/p><\/li><li data-start=\"1334\" data-end=\"1364\"><p data-start=\"1336\" data-end=\"1364\">Produktgenauigkeit 0,01 mm<\/p><\/li><\/ul><\/div><div id=\"jet-tabs-content-2232\" class=\"jet-tabs__content \" data-tab=\"2\" role=\"tabpanel\" aria-hidden=\"true\" data-template-id=\"false\"><p data-start=\"1371\" data-end=\"1395\"><strong data-start=\"1371\" data-end=\"1395\">Wartung &amp; \u00dcberholung<\/strong><\/p><p data-start=\"1397\" data-end=\"1557\">Ein Werkzeug, das keine guten Produkte (mehr) produziert, muss nicht immer ersetzt werden. Oft kann das alte Werkzeug \u00fcberholt und bei Bedarf verbessert werden.<\/p><p data-start=\"1559\" data-end=\"1721\">Jedes Werkzeug ben\u00f6tigt Wartung. Bei unzureichender Wartung verschlei\u00dft ein Werkzeug schneller. F\u00fcr verschiedene Kunden \u00fcbernehmen wir die Wartung von Werkzeugen.<\/p><p data-start=\"1723\" data-end=\"1908\">Wenn Sie ein Werkzeug bei RD Tooling in Wartung haben, sind Sie immer sicher, ein Werkzeug zu besitzen, das gute Produkte liefert. Zudem h\u00e4lt das Werkzeug bei guter Wartung viel l\u00e4nger.<\/p><\/div><div id=\"jet-tabs-content-2233\" class=\"jet-tabs__content \" data-tab=\"3\" role=\"tabpanel\" aria-hidden=\"true\" data-template-id=\"false\"><p data-start=\"1915\" data-end=\"1959\"><strong data-start=\"1915\" data-end=\"1959\">Prototypen, Einzelst\u00fccke und Kleinserien<\/strong><\/p><p data-start=\"1961\" data-end=\"2173\">Die Werkzeugmacherei verf\u00fcgt \u00fcber das gesamte Wissen und die Mittel, die f\u00fcr die Entwicklung und Produktion von Prototypen und Kleinserien notwendig sind, mit anschlie\u00dfender Herstellung des endg\u00fcltigen Werkzeugs.<\/p><p data-start=\"2175\" data-end=\"2293\">F\u00fcr verschiedene Kunden haben wir unter anderem die Entwicklung und Produktion von folgenden Produkten durchgef\u00fchrt:<\/p><ul data-start=\"2294\" data-end=\"2398\"><li data-start=\"2294\" data-end=\"2329\"><p data-start=\"2296\" data-end=\"2329\">Pneumatische Spannvorrichtungen<\/p><\/li><li data-start=\"2330\" data-end=\"2348\"><p data-start=\"2332\" data-end=\"2348\">Spannwerkzeuge<\/p><\/li><li data-start=\"2349\" data-end=\"2398\"><p data-start=\"2351\" data-end=\"2398\">Messlehren und Kaliber f\u00fcr komplette Produkte<\/p><\/li><\/ul><\/div>\t\t\t<\/div>\n\t\t\t\t\t<\/div>\n\t\t\t\t\t\t<\/div>\n\t\t\t\t<\/div>\n\t\t\t\t\t<\/div>\n\t\t\t\t<\/div>\n\t\t\t\t<section class=\"elementor-section elementor-top-section elementor-element elementor-element-6b3fb39 elementor-section-boxed elementor-section-height-default elementor-section-height-default\" data-id=\"6b3fb39\" data-element_type=\"section\" data-e-type=\"section\" data-settings=\"{&quot;jet_parallax_layout_list&quot;:[{&quot;jet_parallax_layout_image&quot;:{&quot;url&quot;:&quot;&quot;,&quot;id&quot;:&quot;&quot;,&quot;size&quot;:&quot;&quot;},&quot;_id&quot;:&quot;14eb7aa&quot;,&quot;jet_parallax_layout_image_tablet&quot;:{&quot;url&quot;:&quot;&quot;,&quot;id&quot;:&quot;&quot;,&quot;size&quot;:&quot;&quot;},&quot;jet_parallax_layout_image_mobile&quot;:{&quot;url&quot;:&quot;&quot;,&quot;id&quot;:&quot;&quot;,&quot;size&quot;:&quot;&quot;},&quot;jet_parallax_layout_speed&quot;:{&quot;unit&quot;:&quot;%&quot;,&quot;size&quot;:50,&quot;sizes&quot;:[]},&quot;jet_parallax_layout_type&quot;:&quot;scroll&quot;,&quot;jet_parallax_layout_direction&quot;:&quot;1&quot;,&quot;jet_parallax_layout_fx_direction&quot;:null,&quot;jet_parallax_layout_z_index&quot;:&quot;&quot;,&quot;jet_parallax_layout_bg_x&quot;:50,&quot;jet_parallax_layout_bg_x_tablet&quot;:&quot;&quot;,&quot;jet_parallax_layout_bg_x_mobile&quot;:&quot;&quot;,&quot;jet_parallax_layout_bg_y&quot;:50,&quot;jet_parallax_layout_bg_y_tablet&quot;:&quot;&quot;,&quot;jet_parallax_layout_bg_y_mobile&quot;:&quot;&quot;,&quot;jet_parallax_layout_bg_size&quot;:&quot;auto&quot;,&quot;jet_parallax_layout_bg_size_tablet&quot;:&quot;&quot;,&quot;jet_parallax_layout_bg_size_mobile&quot;:&quot;&quot;,&quot;jet_parallax_layout_animation_prop&quot;:&quot;transform&quot;,&quot;jet_parallax_layout_on&quot;:[&quot;desktop&quot;,&quot;tablet&quot;]}],&quot;background_background&quot;:&quot;classic&quot;}\">\n\t\t\t\t\t\t\t<div class=\"elementor-background-overlay\"><\/div>\n\t\t\t\t\t\t\t<div class=\"elementor-container elementor-column-gap-default\">\n\t\t\t\t\t<div class=\"elementor-column elementor-col-50 elementor-top-column elementor-element elementor-element-8318026\" data-id=\"8318026\" data-element_type=\"column\" data-e-type=\"column\">\n\t\t\t<div class=\"elementor-widget-wrap elementor-element-populated\">\n\t\t\t\t\t\t<div class=\"elementor-element elementor-element-e275521 elementor-widget elementor-widget-heading\" data-id=\"e275521\" data-element_type=\"widget\" data-e-type=\"widget\" data-widget_type=\"heading.default\">\n\t\t\t\t<div class=\"elementor-widget-container\">\n\t\t\t\t\t<h2 class=\"elementor-heading-title elementor-size-default\">M\u00f6chten Sie mehr Informationen?<\/h2>\t\t\t\t<\/div>\n\t\t\t\t<\/div>\n\t\t\t\t<div class=\"elementor-element elementor-element-6fdafa1 elementor-widget elementor-widget-text-editor\" data-id=\"6fdafa1\" data-element_type=\"widget\" data-e-type=\"widget\" data-widget_type=\"text-editor.default\">\n\t\t\t\t<div class=\"elementor-widget-container\">\n\t\t\t\t\t\t\t\t\t<p>Nehmen Sie Kontakt mit uns auf und entdecken Sie, was wir f\u00fcr Ihr Projekt tun k\u00f6nnen.<\/p>\t\t\t\t\t\t\t\t<\/div>\n\t\t\t\t<\/div>\n\t\t\t\t\t<\/div>\n\t\t<\/div>\n\t\t\t\t<div class=\"elementor-column elementor-col-50 elementor-top-column elementor-element elementor-element-6c848dc\" data-id=\"6c848dc\" data-element_type=\"column\" data-e-type=\"column\">\n\t\t\t<div class=\"elementor-widget-wrap elementor-element-populated\">\n\t\t\t\t\t\t<div class=\"elementor-element elementor-element-7b5944f elementor-mobile-align-left elementor-widget elementor-widget-button\" data-id=\"7b5944f\" data-element_type=\"widget\" data-e-type=\"widget\" data-widget_type=\"button.default\">\n\t\t\t\t<div class=\"elementor-widget-container\">\n\t\t\t\t\t\t\t\t\t<div class=\"elementor-button-wrapper\">\n\t\t\t\t\t<a class=\"elementor-button elementor-button-link elementor-size-sm\" href=\"tel:%20+31%20485%20361396\">\n\t\t\t\t\t\t<span class=\"elementor-button-content-wrapper\">\n\t\t\t\t\t\t\t\t\t<span class=\"elementor-button-text\">Kontakt aufnehmen<\/span>\n\t\t\t\t\t<\/span>\n\t\t\t\t\t<\/a>\n\t\t\t\t<\/div>\n\t\t\t\t\t\t\t\t<\/div>\n\t\t\t\t<\/div>\n\t\t\t\t\t<\/div>\n\t\t<\/div>\n\t\t\t\t\t<\/div>\n\t\t<\/section>\n\t\t\t\t<\/div>\n\t\t","protected":false},"excerpt":{"rendered":"<p>Dienstleistungen Durch unsere Engineering-Expertise schaffen wir stets die beste technische L\u00f6sung, mit Fokus auf Optimierung und Kostenersparnis. Mehr als nur die Einhaltung von Spezifikationen Von Kundenspezifikationen zu innovativen L\u00f6sungen Die Auftr\u00e4ge beginnen immer mit der effizienten Umsetzung der Kundenanforderungen in realisierbare M\u00f6glichkeiten, unter Ber\u00fccksichtigung des Budgets des Kunden. Es ist unsere Herausforderung, die Kundenspezifikationen zu [&hellip;]<\/p>\n","protected":false},"author":1,"featured_media":0,"parent":0,"menu_order":0,"comment_status":"closed","ping_status":"closed","template":"elementor_header_footer","meta":{"footnotes":""},"class_list":["post-1075","page","type-page","status-publish","hentry"],"_links":{"self":[{"href":"https:\/\/www.rdtooling.nl\/German\/wp-json\/wp\/v2\/pages\/1075","targetHints":{"allow":["GET"]}}],"collection":[{"href":"https:\/\/www.rdtooling.nl\/German\/wp-json\/wp\/v2\/pages"}],"about":[{"href":"https:\/\/www.rdtooling.nl\/German\/wp-json\/wp\/v2\/types\/page"}],"author":[{"embeddable":true,"href":"https:\/\/www.rdtooling.nl\/German\/wp-json\/wp\/v2\/users\/1"}],"replies":[{"embeddable":true,"href":"https:\/\/www.rdtooling.nl\/German\/wp-json\/wp\/v2\/comments?post=1075"}],"version-history":[{"count":0,"href":"https:\/\/www.rdtooling.nl\/German\/wp-json\/wp\/v2\/pages\/1075\/revisions"}],"wp:attachment":[{"href":"https:\/\/www.rdtooling.nl\/German\/wp-json\/wp\/v2\/media?parent=1075"}],"curies":[{"name":"wp","href":"https:\/\/api.w.org\/{rel}","templated":true}]}}